{"id":442,"date":"2026-02-26T15:20:30","date_gmt":"2026-02-26T15:20:30","guid":{"rendered":"https:\/\/rvservice.fr\/?page_id=442"},"modified":"2026-02-26T15:23:58","modified_gmt":"2026-02-26T15:23:58","slug":"mentions-legales","status":"publish","type":"page","link":"https:\/\/rvservice.fr\/?page_id=442","title":{"rendered":"Mentions l\u00e9gales"},"content":{"rendered":"\t\t<div data-elementor-type=\"wp-page\" data-elementor-id=\"442\" class=\"elementor elementor-442\">\n\t\t\t\t<div class=\"elementor-element elementor-element-598613c e-flex e-con-boxed e-con e-parent\" data-id=\"598613c\" data-element_type=\"container\" data-e-type=\"container\">\n\t\t\t\t\t<div class=\"e-con-inner\">\n\t\t\t\t<div class=\"elementor-element elementor-element-762fd54 elementor-widget elementor-widget-spacer\" data-id=\"762fd54\" data-element_type=\"widget\" data-e-type=\"widget\" data-widget_type=\"spacer.default\">\n\t\t\t\t\t\t\t<div class=\"elementor-spacer\">\n\t\t\t<div class=\"elementor-spacer-inner\"><\/div>\n\t\t<\/div>\n\t\t\t\t\t\t<\/div>\n\t\t\t\t\t<\/div>\n\t\t\t\t<\/div>\n\t\t<div class=\"elementor-element elementor-element-6dcdb2f e-flex e-con-boxed e-con e-parent\" data-id=\"6dcdb2f\" data-element_type=\"container\" data-e-type=\"container\" data-settings=\"{&quot;background_background&quot;:&quot;classic&quot;}\">\n\t\t\t\t\t<div class=\"e-con-inner\">\n\t\t\t\t<div class=\"elementor-element elementor-element-10c89c0 elementor-widget elementor-widget-heading\" data-id=\"10c89c0\" data-element_type=\"widget\" data-e-type=\"widget\" data-widget_type=\"heading.default\">\n\t\t\t\t\t<h2 class=\"elementor-heading-title elementor-size-default\">Mentions l\u00e9gales<\/h2>\t\t\t\t<\/div>\n\t\t\t\t\t<\/div>\n\t\t\t\t<\/div>\n\t\t<div class=\"elementor-element elementor-element-dd1e125 e-flex e-con-boxed e-con e-parent\" data-id=\"dd1e125\" data-element_type=\"container\" data-e-type=\"container\" data-settings=\"{&quot;background_background&quot;:&quot;classic&quot;}\">\n\t\t\t\t\t<div class=\"e-con-inner\">\n\t\t\t\t<div class=\"elementor-element elementor-element-da9d915 elementor-widget elementor-widget-text-editor\" data-id=\"da9d915\" data-element_type=\"widget\" data-e-type=\"widget\" data-widget_type=\"text-editor.default\">\n\t\t\t\t\t\t\t\t\t<p data-start=\"194\" data-end=\"220\">1. Informations l\u00e9gales<\/p><p data-start=\"222\" data-end=\"515\"><strong data-start=\"222\" data-end=\"248\">D\u00e9nomination sociale :<\/strong> RV Service<br data-start=\"259\" data-end=\"262\" \/><strong data-start=\"262\" data-end=\"283\">Forme juridique :<\/strong> SARL (Soci\u00e9t\u00e9 \u00e0 Responsabilit\u00e9 Limit\u00e9e)<br data-start=\"323\" data-end=\"326\" \/><strong data-start=\"326\" data-end=\"344\">Si\u00e8ge social :<\/strong> 43 rue Auguste Blanqui 93700 Drancy<br data-start=\"384\" data-end=\"387\" \/><strong data-start=\"387\" data-end=\"407\">Capital social :<\/strong> 25 000<br data-start=\"421\" data-end=\"424\" \/><strong data-start=\"424\" data-end=\"435\">SIRET :<\/strong> 981 261 258 00017<br data-start=\"453\" data-end=\"456\" \/><strong data-start=\"456\" data-end=\"471\">T\u00e9l\u00e9phone :<\/strong> 06.95.08.85.48<br data-start=\"485\" data-end=\"488\" \/><strong data-start=\"488\" data-end=\"499\">Email :<\/strong> pose.rvservice@gmail.com<\/p><p data-start=\"517\" data-end=\"609\">Entreprise certifi\u00e9e <strong data-start=\"538\" data-end=\"545\">RGE<\/strong> (Reconnu Garant de l\u2019Environnement)<br data-start=\"581\" data-end=\"584\" \/>Num\u00e9ro : 98126125800017<\/p><p data-start=\"517\" data-end=\"609\">\u00a0<\/p><hr data-start=\"611\" data-end=\"614\" \/><p data-start=\"616\" data-end=\"649\">\u00a0<\/p><p data-start=\"616\" data-end=\"649\">2. Directeur de la publication<\/p><p data-start=\"651\" data-end=\"719\">Le directeur de la publication est :<br data-start=\"687\" data-end=\"690\" \/><strong data-start=\"690\" data-end=\"719\">Kovalzhy Ruslan<\/strong><\/p><p data-start=\"651\" data-end=\"719\">\u00a0<\/p><hr data-start=\"721\" data-end=\"724\" \/><p data-start=\"726\" data-end=\"743\">\u00a0<\/p><p data-start=\"726\" data-end=\"743\">3. H\u00e9bergement<\/p><p data-start=\"745\" data-end=\"890\">Le site est h\u00e9berg\u00e9 par :<br data-start=\"770\" data-end=\"773\" \/><strong data-start=\"773\" data-end=\"787\">IONOS SARL<\/strong><br data-start=\"787\" data-end=\"790\" \/>7 place de la Gare<br data-start=\"808\" data-end=\"811\" \/>57200 Sarreguemines<br data-start=\"830\" data-end=\"833\" \/>France<br data-start=\"839\" data-end=\"842\" \/>T\u00e9l\u00e9phone : 0970 808 911<br data-start=\"866\" data-end=\"869\" \/>Site : <a class=\"decorated-link cursor-pointer\" target=\"_new\" rel=\"noopener\" data-start=\"876\" data-end=\"888\">www.ionos.fr<\/a><\/p><p data-start=\"745\" data-end=\"890\">\u00a0<\/p><hr data-start=\"892\" data-end=\"895\" \/><p data-start=\"897\" data-end=\"927\">\u00a0<\/p><p data-start=\"897\" data-end=\"927\">4. Propri\u00e9t\u00e9 intellectuelle<\/p><p data-start=\"929\" data-end=\"1214\">L\u2019ensemble du contenu pr\u00e9sent sur le site (textes, images, logo, \u00e9l\u00e9ments graphiques) est la propri\u00e9t\u00e9 exclusive de RV Service, sauf mention contraire.<br data-start=\"1080\" data-end=\"1083\" \/>Toute reproduction, repr\u00e9sentation ou diffusion, totale ou partielle, sans autorisation \u00e9crite pr\u00e9alable est strictement interdite.<\/p><p data-start=\"929\" data-end=\"1214\">\u00a0<\/p><hr data-start=\"1216\" data-end=\"1219\" \/><p data-start=\"1221\" data-end=\"1247\">\u00a0<\/p><p data-start=\"1221\" data-end=\"1247\">5. Donn\u00e9es personnelles<\/p><p data-start=\"1249\" data-end=\"1421\">Les informations collect\u00e9es via les formulaires de contact ou de demande de devis sont destin\u00e9es exclusivement \u00e0 RV Service afin de traiter les demandes des utilisateurs.<\/p><p data-start=\"1423\" data-end=\"1594\">Conform\u00e9ment au R\u00e8glement G\u00e9n\u00e9ral sur la Protection des Donn\u00e9es (RGPD), vous disposez d\u2019un droit d\u2019acc\u00e8s, de rectification et de suppression de vos donn\u00e9es personnelles.<\/p><p data-start=\"1596\" data-end=\"1686\">Pour exercer ce droit, vous pouvez nous contacter \u00e0 l\u2019adresse suivante :<br data-start=\"1668\" data-end=\"1671\" \/><strong data-start=\"1671\" data-end=\"1686\">pose.rvservice@gmail.com<\/strong><\/p>\t\t\t\t\t\t\t\t<\/div>\n\t\t\t\t\t<\/div>\n\t\t\t\t<\/div>\n\t\t\t\t<\/div>\n\t\t","protected":false},"excerpt":{"rendered":"<p>Mentions l\u00e9gales 1. Informations l\u00e9gales D\u00e9nomination sociale : RV ServiceForme juridique : SARL (Soci\u00e9t\u00e9 \u00e0 Responsabilit\u00e9 Limit\u00e9e)Si\u00e8ge social : 43 [&hellip;]<\/p>\n","protected":false},"author":1,"featured_media":0,"parent":0,"menu_order":0,"comment_status":"closed","ping_status":"closed","template":"","meta":{"_acf_changed":false,"site-sidebar-layout":"no-sidebar","site-content-layout":"","ast-site-content-layout":"full-width-container","site-content-style":"default","site-sidebar-style":"default","ast-global-header-display":"","ast-banner-title-visibility":"","ast-main-header-display":"","ast-hfb-above-header-display":"","ast-hfb-below-header-display":"","ast-hfb-mobile-header-display":"","site-post-title":"","ast-breadcrumbs-content":"","ast-featured-img":"disabled","footer-sml-layout":"","ast-disable-related-posts":"","theme-transparent-header-meta":"","adv-header-id-meta":"","stick-header-meta":"","header-above-stick-meta":"","header-main-stick-meta":"","header-below-stick-meta":"","astra-migrate-meta-layouts":"default","ast-page-background-enabled":"default","ast-page-background-meta":{"desktop":{"background-color":"var(--ast-global-color-5)","background-image":"","background-repeat":"repeat","background-position":"center center","background-size":"auto","background-attachment":"scroll","background-type":"","background-media":"","overlay-type":"","overlay-color":"","overlay-opacity":"","overlay-gradient":""},"tablet":{"background-color":"","background-image":"","background-repeat":"repeat","background-position":"center center","background-size":"auto","background-attachment":"scroll","background-type":"","background-media":"","overlay-type":"","overlay-color":"","overlay-opacity":"","overlay-gradient":""},"mobile":{"background-color":"","background-image":"","background-repeat":"repeat","background-position":"center center","background-size":"auto","background-attachment":"scroll","background-type":"","background-media":"","overlay-type":"","overlay-color":"","overlay-opacity":"","overlay-gradient":""}},"ast-content-background-meta":{"desktop":{"background-color":"var(--ast-global-color-4)","background-image":"","background-repeat":"repeat","background-position":"center center","background-size":"auto","background-attachment":"scroll","background-type":"","background-media":"","overlay-type":"","overlay-color":"","overlay-opacity":"","overlay-gradient":""},"tablet":{"background-color":"var(--ast-global-color-4)","background-image":"","background-repeat":"repeat","background-position":"center center","background-size":"auto","background-attachment":"scroll","background-type":"","background-media":"","overlay-type":"","overlay-color":"","overlay-opacity":"","overlay-gradient":""},"mobile":{"background-color":"var(--ast-global-color-4)","background-image":"","background-repeat":"repeat","background-position":"center center","background-size":"auto","background-attachment":"scroll","background-type":"","background-media":"","overlay-type":"","overlay-color":"","overlay-opacity":"","overlay-gradient":""}},"footnotes":""},"class_list":["post-442","page","type-page","status-publish","hentry"],"acf":[],"_links":{"self":[{"href":"https:\/\/rvservice.fr\/index.php?rest_route=\/wp\/v2\/pages\/442","targetHints":{"allow":["GET"]}}],"collection":[{"href":"https:\/\/rvservice.fr\/index.php?rest_route=\/wp\/v2\/pages"}],"about":[{"href":"https:\/\/rvservice.fr\/index.php?rest_route=\/wp\/v2\/types\/page"}],"author":[{"embeddable":true,"href":"https:\/\/rvservice.fr\/index.php?rest_route=\/wp\/v2\/users\/1"}],"replies":[{"embeddable":true,"href":"https:\/\/rvservice.fr\/index.php?rest_route=%2Fwp%2Fv2%2Fcomments&post=442"}],"version-history":[{"count":4,"href":"https:\/\/rvservice.fr\/index.php?rest_route=\/wp\/v2\/pages\/442\/revisions"}],"predecessor-version":[{"id":446,"href":"https:\/\/rvservice.fr\/index.php?rest_route=\/wp\/v2\/pages\/442\/revisions\/446"}],"wp:attachment":[{"href":"https:\/\/rvservice.fr\/index.php?rest_route=%2Fwp%2Fv2%2Fmedia&parent=442"}],"curies":[{"name":"wp","href":"https:\/\/api.w.org\/{rel}","templated":true}]}}